{"id":9089,"date":"2023-03-15T09:41:33","date_gmt":"2023-03-15T08:41:33","guid":{"rendered":"https:\/\/www.manufakturmarton.ch\/?page_id=9089"},"modified":"2026-01-23T15:38:11","modified_gmt":"2026-01-23T14:38:11","slug":"fiat-500","status":"publish","type":"page","link":"https:\/\/www.manufakturmarton.ch\/en\/fiat-500\/","title":{"rendered":"Fiat Nuova 500"},"content":{"rendered":"<div id='full_slider_1'  class='avia-fullwidth-slider main_color avia-shadow   avia-builder-el-0  el_before_av_one_fourth  avia-builder-el-first   container_wrap sidebar_left' style=' '  ><div   data-size='featured'  data-lightbox_size='large'  data-animation='slide'  data-conditional_play=''  data-ids='9478'  data-video_counter='0'  data-autoplay='false'  data-bg_slider='false'  data-slide_height=''  data-handle='av_slideshow_full'  data-interval='5'  data-class=' '  data-el_id=''  data-css_id=''  data-scroll_down=''  data-control_layout='av-control-default'  data-custom_markup=''  data-perma_caption=''  data-autoplay_stopper=''  data-image_attachment=''  data-min_height='0px'  data-src=''  data-position='top left'  data-repeat='no-repeat'  data-attach='scroll'  data-stretch=''  data-default-height='28.666666666667'  class='avia-slideshow avia-slideshow-1  av-control-default av-default-height-applied avia-slideshow-featured av_slideshow_full   avia-slide-slider'  itemprop=\"image\" itemscope=\"itemscope\" itemtype=\"https:\/\/schema.org\/ImageObject\" ><ul class='avia-slideshow-inner' style='padding-bottom: 28.666666666667%;' ><li  class='av-single-slide slide-1' ><div data-rel='slideshow-1' class='avia-slide-wrap'   ><img src='https:\/\/www.manufakturmarton.ch\/wp-content\/uploads\/2024\/01\/fiat500_manufakturmarton_slider_03706-1500x430.jpg' width='1500' height='430' title='fiat500_manufakturmarton_slider_03706' alt=''  itemprop=\"thumbnailUrl\"   \/><\/div><\/li><\/ul><\/div><\/div><div id='after_full_slider_1'  class='main_color av_default_container_wrap container_wrap sidebar_left' style=' '  ><div class='container' ><div class='template-page content  av-content-small units'><div class='post-entry post-entry-type-page post-entry-9089'><div class='entry-content-wrapper clearfix'>\n<div class=\"flex_column av_one_fourth  flex_column_div av-zero-column-padding first  avia-builder-el-1  el_after_av_slideshow_full  el_before_av_three_fourth  avia-builder-el-first\" style='border-radius:0px; '><\/div>\n<div class=\"flex_column av_three_fourth  flex_column_div av-zero-column-padding   avia-builder-el-2  el_after_av_one_fourth  el_before_av_one_fourth\" style='border-radius:0px; '><section class=\"av_textblock_section\"  itemscope=\"itemscope\" itemtype=\"https:\/\/schema.org\/CreativeWork\" ><div class='avia_textblock'  style='font-size:18px; '  itemprop=\"text\" ><h1>Ongoing project: Fiat Nuova 500<\/h1>\n<p>Travelling nostalgically along the coasts of Italy with modern drive technology, enjoying the salty air and the chirping of the cicadas - of course you can.<\/p>\n<p>Im Auftrag erwecken wir den Fiat 500 aus dem Jahr 1967 wieder zum Leben. Die Komplettrestaurierung schafft die Basis f\u00fcr eine massgeschneiderte Einpassung der Elektrokomponenten. Selbstverst\u00e4ndlich sorgen wir auch f\u00fcr angemessenen Stauraum, damit auch das Equipment f\u00fcr einen Gleitschirmflug Platz findet.<\/p>\n<\/div><\/section><\/div>\n<div class=\"flex_column av_one_fourth  flex_column_div av-zero-column-padding first  avia-builder-el-4  el_after_av_three_fourth  el_before_av_one_half  column-top-margin\" style='border-radius:0px; '><\/div>\n<div class=\"flex_column av_one_half  flex_column_div av-zero-column-padding   avia-builder-el-5  el_after_av_one_fourth  el_before_av_one_fourth  column-top-margin\" style='border-radius:0px; '><section class=\"av_textblock_section\"  itemscope=\"itemscope\" itemtype=\"https:\/\/schema.org\/CreativeWork\" ><div class='avia_textblock'   itemprop=\"text\" ><h2>Technical data<\/h2>\n<\/div><\/section><br \/>\n<div  class='av-catalogue-container   avia-builder-el-7  el_after_av_textblock  avia-builder-el-last'><ul class='av-catalogue-list'>\n<li><div class='av-catalogue-item'><div class='av-catalogue-item-inner'><div class='av-catalogue-title-container'><div class='av-catalogue-title'>Driving range<\/div><div class='av-catalogue-price'>200 km<\/div><\/div><div class=\"av-catalogue-content\">\nReal range<br \/>\n<\/div><\/div><\/div><\/li>\n<li><div class='av-catalogue-item'><div class='av-catalogue-item-inner'><div class='av-catalogue-title-container'><div class='av-catalogue-title'>Torque rating<\/div><div class='av-catalogue-price'>130 Nm<\/div><\/div><div class=\"av-catalogue-content\"><\/div><\/div><\/div><\/li>\n<li><div class='av-catalogue-item'><div class='av-catalogue-item-inner'><div class='av-catalogue-title-container'><div class='av-catalogue-title'>Motor power<\/div><div class='av-catalogue-price'>max. 16 kW<\/div><\/div><div class=\"av-catalogue-content\"><\/div><\/div><\/div><\/li>\n<li><div class='av-catalogue-item'><div class='av-catalogue-item-inner'><div class='av-catalogue-title-container'><div class='av-catalogue-title'>Battery<\/div><div class='av-catalogue-price'> 25 kWh<\/div><\/div><div class=\"av-catalogue-content\"><\/div><\/div><\/div><\/li>\n<li><div class='av-catalogue-item'><div class='av-catalogue-item-inner'><div class='av-catalogue-title-container'><div class='av-catalogue-title'>Battery chemistry<\/div><div class='av-catalogue-price'>Li-NMC<\/div><\/div><div class=\"av-catalogue-content\"><\/div><\/div><\/div><\/li>\n<li><div class='av-catalogue-item'><div class='av-catalogue-item-inner'><div class='av-catalogue-title-container'><div class='av-catalogue-title'>Charging time DC CCS<\/div><div class='av-catalogue-price'>400 km per h<\/div><\/div><div class=\"av-catalogue-content\"><\/div><\/div><\/div><\/li>\n<li><div class='av-catalogue-item'><div class='av-catalogue-item-inner'><div class='av-catalogue-title-container'><div class='av-catalogue-title'>Charging time AC Type 2<\/div><div class='av-catalogue-price'>40 km per h<\/div><\/div><div class=\"av-catalogue-content\"><\/div><\/div><\/div><\/li>\n<\/ul><\/div><\/p><\/div><div class=\"flex_column av_one_fourth  flex_column_div av-zero-column-padding   avia-builder-el-8  el_after_av_one_half  el_before_av_one_fourth  column-top-margin\" style='border-radius:0px; '><\/div><\/p>\n<div class=\"flex_column av_one_fourth  flex_column_div av-zero-column-padding first  avia-builder-el-9  el_after_av_one_fourth  el_before_av_two_fifth  column-top-margin\" style='border-radius:0px; '><\/div>\n<div class=\"flex_column av_two_fifth  flex_column_div av-zero-column-padding   avia-builder-el-10  el_after_av_one_fourth  el_before_av_image_hotspot  avia-builder-el-last  column-top-margin\" style='border-radius:0px; '><div  class='avia-button-wrap avia-button-center  avia-builder-el-11  avia-builder-el-no-sibling' ><a href='#section-b' class='avia-button avia-button-fullwidth   avia-icon_select-no avia-color-custom'  style='color:#ffffff; background-color:#00a9a3;  ' ><span class='avia_iconbox_title' >Contact us<\/span><span class='avia_button_background avia-button avia-button-fullwidth avia-color-custom' style='background-color:#4ecac2; '><\/span><\/a><\/div><\/div>\n<div  class='av-hotspot-image-container   av-hotspot-numbered av-mobile-fallback-active    avia-builder-el-12  el_after_av_two_fifth  el_before_av_gallery  av-non-fullwidth-hotspot-image'  itemprop=\"image\" itemscope=\"itemscope\" itemtype=\"https:\/\/schema.org\/ImageObject\" ><div class='av-hotspot-container'><div class='av-hotspot-container-inner-cell'><div class='av-hotspot-container-inner-wrap'><div class='av-image-hotspot av-image-hotspot-1' data-avia-tooltip-position='top' data-avia-tooltip-alignment='left' data-avia-tooltip-class='av-tt-large-width av-tt-pos-above av-tt-align-left  av-mobile-fallback-active  main_color av-tt-hotspot' data-avia-tooltip='&lt;h4&gt;Motor und Getriebe&lt;\/h4&gt;&lt;p&gt;Als Ersatz f\u00fcr den Verbrennungsmotor kommt eine Kombination aus Motor und Getriebe mit einer Maximalleistung von 16 kW und einem maximalen Drehmoment 130 Nm zum Einsatz.&lt;\/p&gt;' style='top: 73.1%; left: 63.7%; '><div class='av-image-hotspot_inner' style='background-color: #00a9a3; color: #ffffff;'>1<\/div><div class='av-image-hotspot-pulse' style='background-color:#25a8a1;'><\/div><\/div><div class='av-image-hotspot av-image-hotspot-2' data-avia-tooltip-position='top' data-avia-tooltip-alignment='left' data-avia-tooltip-class='av-tt-default-width av-tt-pos-above av-tt-align-left  av-mobile-fallback-active  main_color av-tt-hotspot' data-avia-tooltip='&lt;h4&gt;Batteriekisten vorne&lt;\/h4&gt;&lt;p&gt;Vordere Batterien, in Serie geschaltet mit den Batterien im Heck, mit einer Gesamtenergie von 25 kWh und einer Nominalspannung von 355 V.&lt;\/p&gt;' style='top: 40.8%; left: 29.3%; '><div class='av-image-hotspot_inner' style='background-color: #00a9a3; color: #ffffff;'>2<\/div><div class='av-image-hotspot-pulse' style='background-color:#25a8a1;'><\/div><\/div><div class='av-image-hotspot av-image-hotspot-3' data-avia-tooltip-position='top' data-avia-tooltip-alignment='left' data-avia-tooltip-class='av-tt-default-width av-tt-pos-above av-tt-align-left  av-mobile-fallback-active  main_color av-tt-hotspot' data-avia-tooltip='&lt;h4&gt;Steuerger\u00e4t&lt;\/h4&gt;&lt;p&gt;Steuert und \u00fcberwacht den Motor sowie die Leistungselektronik.&lt;\/p&gt;' style='top: 65.5%; left: 52.3%; '><div class='av-image-hotspot_inner' style='background-color: #00a9a3; color: #ffffff;'>3<\/div><div class='av-image-hotspot-pulse' style='background-color:#25a8a1;'><\/div><\/div><div class='av-image-hotspot av-image-hotspot-4' data-avia-tooltip-position='top' data-avia-tooltip-alignment='left' data-avia-tooltip-class='av-tt-default-width av-tt-pos-above av-tt-align-left  av-mobile-fallback-active  main_color av-tt-hotspot' data-avia-tooltip='&lt;h4&gt;Batteriekisten hinten&lt;\/h4&gt;&lt;p&gt;Hintere Batterien, in Serie geschaltet mit den Batterien vorne, mit einer Gesamtenergie von 25 kWh und einer Nominalspannung von 355 V.&lt;\/p&gt;' style='top: 52.8%; left: 59.7%; '><div class='av-image-hotspot_inner' style='background-color: #00a9a3; color: #ffffff;'>4<\/div><div class='av-image-hotspot-pulse' style='background-color:#25a8a1;'><\/div><\/div><div class='av-image-hotspot av-image-hotspot-5' data-avia-tooltip-position='top' data-avia-tooltip-alignment='left' data-avia-tooltip-class='av-tt-default-width av-tt-pos-above av-tt-align-left  av-mobile-fallback-active  main_color av-tt-hotspot' data-avia-tooltip='&lt;h4&gt;DCDC-Wandler&lt;\/h4&gt;&lt;p&gt;Wandelt die Hochvolt-Spannung der Batterien in 12-Volt um.&lt;\/p&gt;' style='top: 73.3%; left: 49.9%; '><div class='av-image-hotspot_inner' style='background-color: #00a9a3; color: #ffffff;'>5<\/div><div class='av-image-hotspot-pulse' style='background-color:#25a8a1;'><\/div><\/div><div class='av-image-hotspot av-image-hotspot-6' data-avia-tooltip-position='top' data-avia-tooltip-alignment='left' data-avia-tooltip-class='av-tt-default-width av-tt-pos-above av-tt-align-left  av-mobile-fallback-active  main_color av-tt-hotspot' data-avia-tooltip='&lt;h4&gt;Ladeger\u00e4t&lt;\/h4&gt;&lt;p&gt;Das Fahrzeug kann wahlweise mit einphasigem Wechselstrom (Typ-2) oder dank CCS mit Gleichstrom bei einer Leistung von 50 kW geladen werden.&lt;\/p&gt;' style='top: 52.8%; left: 68.1%; '><div class='av-image-hotspot_inner' style='background-color: #00a9a3; color: #ffffff;'>6<\/div><div class='av-image-hotspot-pulse' style='background-color:#25a8a1;'><\/div><\/div><div class='av-image-hotspot av-image-hotspot-7' data-avia-tooltip-position='top' data-avia-tooltip-alignment='left' data-avia-tooltip-class='av-tt-default-width av-tt-pos-above av-tt-align-left  av-mobile-fallback-active  main_color av-tt-hotspot' data-avia-tooltip='&lt;h4&gt;CCS-Ladedose&lt;\/h4&gt;' style='top: 58.6%; left: 65.5%; '><div class='av-image-hotspot_inner' style='background-color: #00a9a3; color: #ffffff;'>7<\/div><div class='av-image-hotspot-pulse' style='background-color:#25a8a1;'><\/div><\/div><div class='av-image-hotspot av-image-hotspot-8' data-avia-tooltip-position='top' data-avia-tooltip-alignment='left' data-avia-tooltip-class='av-tt-default-width av-tt-pos-above av-tt-align-left  av-mobile-fallback-active  main_color av-tt-hotspot' data-avia-tooltip='&lt;h4&gt;12 V-Batterie&lt;\/h4&gt;' style='top: 33.7%; left: 28.4%; '><div class='av-image-hotspot_inner' style='background-color: #00a9a3; color: #ffffff;'>8<\/div><div class='av-image-hotspot-pulse' style='background-color:#25a8a1;'><\/div><\/div><img class='avia_image' src='https:\/\/www.manufakturmarton.ch\/wp-content\/uploads\/2023\/10\/fiat500_hotspot_1500x650.jpg' alt='fiat500 Skizze Manufaktur Marton' title=''  height=\"650\" width=\"1500\"  itemprop=\"thumbnailUrl\"  \/><\/div><\/div><\/div><div class='av-hotspot-fallback-tooltip av-image-hotspot-1'><div class='av-hotspot-fallback-tooltip-count'>1<div class='avia-arrow'><\/div><\/div><div class='av-hotspot-fallback-tooltip-inner clearfix'><\/p>\n<h4>Motor and transmission<\/h4>\n<p>A combination of motor and gearbox is used to replace the combustion engine. The motor has a maximum performance of 16 kW and a maximum torque of 130 Nm.<\/p>\n<\/div><\/div><div class='av-hotspot-fallback-tooltip av-image-hotspot-2'><div class='av-hotspot-fallback-tooltip-count'>2<div class='avia-arrow'><\/div><\/div><div class='av-hotspot-fallback-tooltip-inner clearfix'><\/p>\n<h4>Battery box in front<\/h4>\n<p>Front batteries, connected in series with the batteries in the rear, with a total energy of 25 kWh and a nominal voltage of 355 V.<\/p>\n<\/div><\/div><div class='av-hotspot-fallback-tooltip av-image-hotspot-3'><div class='av-hotspot-fallback-tooltip-count'>3<div class='avia-arrow'><\/div><\/div><div class='av-hotspot-fallback-tooltip-inner clearfix'><\/p>\n<h4>Control unit<\/h4>\n<p>Controls and monitors the engine and the power electronics.<\/p>\n<\/div><\/div><div class='av-hotspot-fallback-tooltip av-image-hotspot-4'><div class='av-hotspot-fallback-tooltip-count'>4<div class='avia-arrow'><\/div><\/div><div class='av-hotspot-fallback-tooltip-inner clearfix'><\/p>\n<h4>Battery box rear<\/h4>\n<p>Rear batteries, connected in series with the batteries in the front, with a total energy of 25 kWh and a nominal voltage of 355 V.<\/p>\n<\/div><\/div><div class='av-hotspot-fallback-tooltip av-image-hotspot-5'><div class='av-hotspot-fallback-tooltip-count'>5<div class='avia-arrow'><\/div><\/div><div class='av-hotspot-fallback-tooltip-inner clearfix'><\/p>\n<h4>DCDC converter<\/h4>\n<p>Converts the high-voltage of the batteries to 12 volts.<\/p>\n<\/div><\/div><div class='av-hotspot-fallback-tooltip av-image-hotspot-6'><div class='av-hotspot-fallback-tooltip-count'>6<div class='avia-arrow'><\/div><\/div><div class='av-hotspot-fallback-tooltip-inner clearfix'><\/p>\n<h4>Charger<\/h4>\n<p>The vehicle can be charged either with single-phase alternating current (Type 2) or, thanks to CCS, with direct current at 50 kW.<\/p>\n<\/div><\/div><div class='av-hotspot-fallback-tooltip av-image-hotspot-7'><div class='av-hotspot-fallback-tooltip-count'>7<div class='avia-arrow'><\/div><\/div><div class='av-hotspot-fallback-tooltip-inner clearfix'><\/p>\n<h4>CCS inlet<\/h4>\n<p>\n<\/div><\/div><div class='av-hotspot-fallback-tooltip av-image-hotspot-8'><div class='av-hotspot-fallback-tooltip-count'>8<div class='avia-arrow'><\/div><\/div><div class='av-hotspot-fallback-tooltip-inner clearfix'><\/p>\n<h4>12 V battery<\/h4>\n<p>\n<\/div><\/div><\/div>\n<div  class='avia-gallery  avia-gallery-1 animations_off  avia_animate_when_visible  avia-builder-el-13  el_after_av_image_hotspot  el_before_av_slideshow_full  avia-builder-el-no-sibling'  itemprop=\"image\" itemscope=\"itemscope\" itemtype=\"https:\/\/schema.org\/ImageObject\" ><div class='avia-gallery-thumb'> <a href='https:\/\/www.manufakturmarton.ch\/wp-content\/uploads\/2023\/10\/DSC03705_fiat500_galerie1.jpg' data-rel='gallery-1' data-prev-img='https:\/\/www.manufakturmarton.ch\/wp-content\/uploads\/2023\/10\/DSC03705_fiat500_galerie1-495x400.jpg' class='first_thumb lightbox' data-onclick='1' title='Concept development: The components are placed in the vehicle with the help of 3D models'  itemprop=\"thumbnailUrl\" ><img data-avia-tooltip='Konzeptentwicklung: Mit Hilfe von 3D-Modellen finden die Komponenten ihren Platz im Fahrzeug' src='https:\/\/www.manufakturmarton.ch\/wp-content\/uploads\/2023\/10\/DSC03705_fiat500_galerie1.jpg' width='1000' height='667'  title='' alt='Ein Fiat Nuova 500 im Rohbau. Links davon ein Bildschirm, auf dem ein 3D-Scan des Fahrzeugs zu sehen ist.' \/><\/a> <a href='https:\/\/www.manufakturmarton.ch\/wp-content\/uploads\/2024\/01\/Fiat500_konzept_DSC04709_galerie_web.jpg' data-rel='gallery-1' data-prev-img='https:\/\/www.manufakturmarton.ch\/wp-content\/uploads\/2024\/01\/Fiat500_konzept_DSC04709_galerie_web-495x400.jpg' class='lightbox' data-onclick='2' title='Arrangement of the components'  itemprop=\"thumbnailUrl\" ><img data-avia-tooltip='Auslegeordnung der Komponenten' src='https:\/\/www.manufakturmarton.ch\/wp-content\/uploads\/2024\/01\/Fiat500_konzept_DSC04709_galerie_web.jpg' width='1000' height='667'  title='' alt='Das Umbaukonzept des Fiat 500 wird physisch nachgestellt.' \/><\/a> <a href='https:\/\/www.manufakturmarton.ch\/wp-content\/uploads\/2024\/01\/Fiat500_Lackierung_DSC04359_Galerie_web.jpg' data-rel='gallery-1' data-prev-img='https:\/\/www.manufakturmarton.ch\/wp-content\/uploads\/2024\/01\/Fiat500_Lackierung_DSC04359_Galerie_web-495x400.jpg' class='lightbox' data-onclick='3' title='Colour selection for new paint finish'  itemprop=\"thumbnailUrl\" ><img data-avia-tooltip='Farbfindung f\u00fcr neue Lackierung' src='https:\/\/www.manufakturmarton.ch\/wp-content\/uploads\/2024\/01\/Fiat500_Lackierung_DSC04359_Galerie_web.jpg' width='1000' height='667'  title='' alt='F\u00fcr die Wahl der Lackfarbe des Fiat 500 wurden Farbf\u00e4cher studiert und Farbmuster und angefertigt.' \/><\/a> <a href='https:\/\/www.manufakturmarton.ch\/wp-content\/uploads\/2024\/01\/Fiat500_restaurierung_DSC04694_galerie_web.jpg' data-rel='gallery-1' data-prev-img='https:\/\/www.manufakturmarton.ch\/wp-content\/uploads\/2024\/01\/Fiat500_restaurierung_DSC04694_galerie_web-495x400.jpg' class='lightbox' data-onclick='4' title='During the complete restoration, the original parts were freshly refurbished or replaced'  itemprop=\"thumbnailUrl\" ><img data-avia-tooltip='Bei der Komplettrestaurierung wurden die Originalteile frisch aufbereitet oder ersetzt' src='https:\/\/www.manufakturmarton.ch\/wp-content\/uploads\/2024\/01\/Fiat500_restaurierung_DSC04694_galerie_web.jpg' width='1000' height='667'  title='' alt='Auslegung diverser Teile aus den Fahrzeug auf weissem Hintergrund. Felgen, Bremsen, Stossd\u00e4mpfer, Stosstange' \/><\/a> <a href='https:\/\/www.manufakturmarton.ch\/wp-content\/uploads\/2024\/01\/Fiat500_manufakturmarton_galerie_02007.jpg' data-rel='gallery-1' data-prev-img='https:\/\/www.manufakturmarton.ch\/wp-content\/uploads\/2024\/01\/Fiat500_manufakturmarton_galerie_02007-495x400.jpg' class='lightbox' data-onclick='5' title='The bodywork is cleaned of rust and then cathodic dip coated'  itemprop=\"thumbnailUrl\" ><img data-avia-tooltip='Die Karosserie wird vom Rost befreit und anschliessend KTL-Versiegelt' src='https:\/\/www.manufakturmarton.ch\/wp-content\/uploads\/2024\/01\/Fiat500_manufakturmarton_galerie_02007.jpg' width='1000' height='667'  title='' alt='Detailaufnahme der Karosserie mit Rostspuren' \/><\/a> <a href='https:\/\/www.manufakturmarton.ch\/wp-content\/uploads\/2025\/02\/IMG_20240620_143505_galerie.jpg' data-rel='gallery-1' data-prev-img='https:\/\/www.manufakturmarton.ch\/wp-content\/uploads\/2025\/02\/IMG_20240620_143505_galerie-495x400.jpg' class='first_thumb lightbox' data-onclick='6' title='Fiat Nuova 500 after sandblasting - before KTL coating'  itemprop=\"thumbnailUrl\" ><img data-avia-tooltip='Fiat Nuova 500 nach dem Sandstrahlen &#8211; vor der KTL-Beschichtung' src='https:\/\/www.manufakturmarton.ch\/wp-content\/uploads\/2025\/02\/IMG_20240620_143505_galerie.jpg' width='1000' height='667'  title='' alt='Die Karosserie des Fiat Nuova 500 weist nach dem Sand- und Nussstrahlen keine Lackreste mehr auf.' \/><\/a> <a href='https:\/\/www.manufakturmarton.ch\/wp-content\/uploads\/2024\/07\/Fiat500_manufakturmarton_143404_galerie.jpg' data-rel='gallery-1' data-prev-img='https:\/\/www.manufakturmarton.ch\/wp-content\/uploads\/2024\/07\/Fiat500_manufakturmarton_143404_galerie-495x400.jpg' class='lightbox' data-onclick='7' title='During the restoration of the Fiat 500 F, repairs to the bodywork were made using tin.'  itemprop=\"thumbnailUrl\" ><img data-avia-tooltip=' Nach dem Sandstrahlen wird das Dashboard mit Zinn behandelt' src='https:\/\/www.manufakturmarton.ch\/wp-content\/uploads\/2024\/07\/Fiat500_manufakturmarton_143404_galerie.jpg' width='1000' height='667'  title='' alt='Fiat 500 Restaurierung Karosserie' \/><\/a> <a href='https:\/\/www.manufakturmarton.ch\/wp-content\/uploads\/2025\/02\/IMG_20241213_092356_galerie.jpg' data-rel='gallery-1' data-prev-img='https:\/\/www.manufakturmarton.ch\/wp-content\/uploads\/2025\/02\/IMG_20241213_092356_galerie-495x400.jpg' class='lightbox' data-onclick='8' title='Final filling work after the KTL coating'  itemprop=\"thumbnailUrl\" ><img data-avia-tooltip='Letzte Spachtelarbeiten nach der KTL-Beschichtung' src='https:\/\/www.manufakturmarton.ch\/wp-content\/uploads\/2025\/02\/IMG_20241213_092356_galerie.jpg' width='1000' height='667'  title='' alt='Die gespachtelten Stellen des Fiat Nuova 500 sind deutlich sichtbar.' \/><\/a> <a href='https:\/\/www.manufakturmarton.ch\/wp-content\/uploads\/2025\/02\/IMG_20250131-WA0002_galerie.jpg' data-rel='gallery-1' data-prev-img='https:\/\/www.manufakturmarton.ch\/wp-content\/uploads\/2025\/02\/IMG_20250131-WA0002_galerie-495x400.jpg' class='lightbox' data-onclick='9' title='Azzurro Lipari - the interior shows its colors'  itemprop=\"thumbnailUrl\" ><img data-avia-tooltip='Azzurro Lipari &#8211; das Interieur bekennt Farbe' src='https:\/\/www.manufakturmarton.ch\/wp-content\/uploads\/2025\/02\/IMG_20250131-WA0002_galerie.jpg' width='1000' height='667'  title='' alt='The interior of the Fiat Nuova 500 was painted in the paint booth in the color Azzurro Lipari.' \/><\/a><\/div><\/div>\n<\/div><\/div><\/div><!-- close content main div --><\/div><\/div><div id='full_slider_2'  class='avia-fullwidth-slider main_color avia-shadow   avia-builder-el-14  el_after_av_gallery  el_before_av_section   slider-not-first container_wrap sidebar_left' style=' '  ><div   data-size='featured'  data-lightbox_size='large'  data-animation='slide'  data-conditional_play=''  data-ids='9093'  data-video_counter='0'  data-autoplay='false'  data-bg_slider='false'  data-slide_height=''  data-handle='av_slideshow_full'  data-interval='5'  data-class=' '  data-el_id=''  data-css_id=''  data-scroll_down=''  data-control_layout='av-control-default'  data-custom_markup=''  data-perma_caption=''  data-autoplay_stopper=''  data-image_attachment=''  data-min_height='0px'  data-src=''  data-position='top left'  data-repeat='no-repeat'  data-attach='scroll'  data-stretch=''  data-default-height='28.666666666667'  class='avia-slideshow avia-slideshow-2  av-control-default av-default-height-applied avia-slideshow-featured av_slideshow_full   avia-slide-slider'  itemprop=\"image\" itemscope=\"itemscope\" itemtype=\"https:\/\/schema.org\/ImageObject\" ><ul class='avia-slideshow-inner' style='padding-bottom: 28.666666666667%;' ><li  class='av-single-slide slide-1' ><div data-rel='slideshow-2' class='avia-slide-wrap'   ><img src='https:\/\/www.manufakturmarton.ch\/wp-content\/uploads\/2023\/03\/fiat500_manufakturmarton_slider-1500x430.jpg' width='1500' height='430' title='fiat500_manufakturmarton_slider' alt=''  itemprop=\"thumbnailUrl\"   \/><\/div><\/li><\/ul><\/div><\/div>\n<div id='av_section_1'  class='avia-section main_color avia-section-default avia-no-border-styling  avia-bg-style-scroll  avia-builder-el-15  el_after_av_slideshow_full  avia-builder-el-last   container_wrap sidebar_left' style='background-repeat: repeat; background-image: url(https:\/\/www.manufakturmarton.ch\/wp-content\/uploads\/2018\/07\/background.jpg);background-attachment: scroll; background-position: top left;  '  data-section-bg-repeat='repeat'><div class='container' ><div class='template-page content  av-content-small units'><div class='post-entry post-entry-type-page post-entry-9089'><div class='entry-content-wrapper clearfix'>\n<div class=\"flex_column av_one_fourth  flex_column_div av-zero-column-padding first  avia-builder-el-16  el_before_av_three_fourth  avia-builder-el-first\" style='border-radius:0px; '><\/div><div class=\"flex_column av_three_fourth  flex_column_div av-zero-column-padding   avia-builder-el-17  el_after_av_one_fourth  avia-builder-el-last\" style='border-radius:0px; '><div   data-autoplay='1'  data-interval='5'  data-animation='fade'  data-hoverpause='1'  class='avia-testimonial-wrapper avia-grid-testimonials avia-grid-2-testimonials avia_animate_when_almost_visible'>\n<section class ='avia-testimonial-row'><div class='avia-testimonial av_one_half flex_column no_margin avia-testimonial-row-1 avia-first-testimonial'  itemscope=\"itemscope\" itemtype=\"https:\/\/schema.org\/Person\" ><div class='avia-testimonial_inner'><div class='avia-testimonial-image'  itemprop=\"image\"  style='background-image:url(https:\/\/www.manufakturmarton.ch\/wp-content\/uploads\/2019\/03\/silvia_manufakturmarton300px-180x180.jpg);'><\/div><div class='avia-testimonial-content'    itemscope=\"itemscope\" itemtype=\"https:\/\/schema.org\/CreativeWork\" ><div id=\"section-b\"><\/div>\n<h4>Curious?<br \/>\nFor questions and suggestions I am happy to be at your disposal.<\/h4>\n<h4 style=\"font-weight: normal;\"><a href=\"mailto:mfm@manufakturmarton.ch\">mfm@manufakturmarton.ch<\/a><br \/>\n041 525 13 90<\/h4>\n<\/div><div class='avia-testimonial-meta'><div class='avia-testimonial-arrow-wrap'><div class='avia-arrow'><\/div><\/div><div class='avia-testimonial-meta-mini'><strong  class='avia-testimonial-name'    itemprop=\"name\" >Silvia Marton<\/strong><\/div><\/div><\/div><\/div>\n<\/section><\/div><\/div>\n<\/div><\/div><\/div><!-- close content main div --><\/div><\/div><div id='after_section_1'  class='main_color av_default_container_wrap container_wrap sidebar_left' style=' '  ><div class='container' ><div class='template-page content  av-content-small units'><div class='post-entry post-entry-type-page post-entry-9089'><div class='entry-content-wrapper clearfix'>","protected":false},"excerpt":{"rendered":"","protected":false},"author":2,"featured_media":0,"parent":0,"menu_order":0,"comment_status":"closed","ping_status":"closed","template":"","meta":[],"aioseo_notices":[],"_links":{"self":[{"href":"https:\/\/www.manufakturmarton.ch\/en\/wp-json\/wp\/v2\/pages\/9089"}],"collection":[{"href":"https:\/\/www.manufakturmarton.ch\/en\/wp-json\/wp\/v2\/pages"}],"about":[{"href":"https:\/\/www.manufakturmarton.ch\/en\/wp-json\/wp\/v2\/types\/page"}],"author":[{"embeddable":true,"href":"https:\/\/www.manufakturmarton.ch\/en\/wp-json\/wp\/v2\/users\/2"}],"replies":[{"embeddable":true,"href":"https:\/\/www.manufakturmarton.ch\/en\/wp-json\/wp\/v2\/comments?post=9089"}],"version-history":[{"count":34,"href":"https:\/\/www.manufakturmarton.ch\/en\/wp-json\/wp\/v2\/pages\/9089\/revisions"}],"predecessor-version":[{"id":10917,"href":"https:\/\/www.manufakturmarton.ch\/en\/wp-json\/wp\/v2\/pages\/9089\/revisions\/10917"}],"wp:attachment":[{"href":"https:\/\/www.manufakturmarton.ch\/en\/wp-json\/wp\/v2\/media?parent=9089"}],"curies":[{"name":"wp","href":"https:\/\/api.w.org\/{rel}","templated":true}]}}